{"id":357,"date":"2019-10-02T13:15:21","date_gmt":"2019-10-02T13:15:21","guid":{"rendered":"https:\/\/solucionescontablesmx.com\/?page_id=357"},"modified":"2019-10-07T03:03:03","modified_gmt":"2019-10-07T03:03:03","slug":"soluciones","status":"publish","type":"page","link":"https:\/\/solucionescontablesmx.com\/index.php\/soluciones\/","title":{"rendered":"Servicios"},"content":{"rendered":"\n<p>Preparamos la contabilidad de su negocio, desde la recepci\u00f3n de documentos, la emisi\u00f3n de estados financieros y actualizaci\u00f3n de las obligaciones fiscales..<\/p>\n\n\n\n<p>Ofrecemos servicio de contabilidad, impuestos, n\u00f3minas, tramites fiscales ante autoridades, le brindamos tambi\u00e9n asesor\u00eda, consultor\u00eda y supervisi\u00f3n.<\/p>\n\n\n\n<p><br><strong>DIVISI\u00d3N DE ATENCI\u00d3N A NUESTROS CLIENTES<\/strong><\/p>\n\n\n\n<figure class=\"wp-block-image\"><img loading=\"lazy\" decoding=\"async\" width=\"656\" height=\"568\" src=\"https:\/\/solucionescontablesmx.com\/wp-content\/uploads\/2019\/10\/solucionescontables-division.jpg\" alt=\"\" class=\"wp-image-379\" srcset=\"https:\/\/solucionescontablesmx.com\/wp-content\/uploads\/2019\/10\/solucionescontables-division.jpg 656w, https:\/\/solucionescontablesmx.com\/wp-content\/uploads\/2019\/10\/solucionescontables-division-300x260.jpg 300w\" sizes=\"auto, (max-width: 656px) 100vw, 656px\" \/><\/figure>\n","protected":false},"excerpt":{"rendered":"<p>Preparamos la contabilidad de su negocio, desde la recepci\u00f3n de documentos, la emisi\u00f3n de estados financieros y actualizaci\u00f3n de las obligaciones fiscales.. Ofrecemos servicio de contabilidad, impuestos, n\u00f3minas, tramites fiscales ante autoridades, le brindamos tambi\u00e9n asesor\u00eda, consultor\u00eda y supervisi\u00f3n. DIVISI\u00d3N DE ATENCI\u00d3N A NUESTROS CLIENTES<\/p>\n","protected":false},"author":1,"featured_media":412,"parent":0,"menu_order":0,"comment_status":"closed","ping_status":"closed","template":"","meta":{"footnotes":""},"class_list":["post-357","page","type-page","status-publish","has-post-thumbnail","hentry","clearfix"],"_links":{"self":[{"href":"https:\/\/solucionescontablesmx.com\/index.php\/wp-json\/wp\/v2\/pages\/357","targetHints":{"allow":["GET"]}}],"collection":[{"href":"https:\/\/solucionescontablesmx.com\/index.php\/wp-json\/wp\/v2\/pages"}],"about":[{"href":"https:\/\/solucionescontablesmx.com\/index.php\/wp-json\/wp\/v2\/types\/page"}],"author":[{"embeddable":true,"href":"https:\/\/solucionescontablesmx.com\/index.php\/wp-json\/wp\/v2\/users\/1"}],"replies":[{"embeddable":true,"href":"https:\/\/solucionescontablesmx.com\/index.php\/wp-json\/wp\/v2\/comments?post=357"}],"version-history":[{"count":18,"href":"https:\/\/solucionescontablesmx.com\/index.php\/wp-json\/wp\/v2\/pages\/357\/revisions"}],"predecessor-version":[{"id":437,"href":"https:\/\/solucionescontablesmx.com\/index.php\/wp-json\/wp\/v2\/pages\/357\/revisions\/437"}],"wp:featuredmedia":[{"embeddable":true,"href":"https:\/\/solucionescontablesmx.com\/index.php\/wp-json\/wp\/v2\/media\/412"}],"wp:attachment":[{"href":"https:\/\/solucionescontablesmx.com\/index.php\/wp-json\/wp\/v2\/media?parent=357"}],"curies":[{"name":"wp","href":"https:\/\/api.w.org\/{rel}","templated":true}]}}