{"id":359,"date":"2019-10-02T13:25:02","date_gmt":"2019-10-02T13:25:02","guid":{"rendered":"https:\/\/solucionescontablesmx.com\/?page_id=359"},"modified":"2019-10-02T13:25:03","modified_gmt":"2019-10-02T13:25:03","slug":"servicios-mensuales","status":"publish","type":"page","link":"https:\/\/solucionescontablesmx.com\/index.php\/servicios-mensuales\/","title":{"rendered":"Servicios mensuales"},"content":{"rendered":"\n<p><strong> Los servicios que ofrecemos de forma mensual para lograr una adecuada salud contable en su negocio son<\/strong>:<\/p>\n\n\n\n<p>&#8211; Codificaci\u00f3n de P\u00f3lizas de\nIngreso, Egreso y Diario <\/p>\n\n\n\n<p>&#8211; Contabilizaci\u00f3n de P\u00f3lizas<\/p>\n\n\n\n<p>&#8211; Conciliaci\u00f3n Facturas\nRecibidas y Emitidas vs Portal del SAT<\/p>\n\n\n\n<p>&#8211; Elaboraci\u00f3n de\nContabilidad Electr\u00f3nica<\/p>\n\n\n\n<p>&#8211; Elaboraci\u00f3n&nbsp; de Paquete Financiero <\/p>\n\n\n\n<p>&nbsp; (Balance General, Estado de Resultados,\nBalanza de Comprobaci\u00f3n y Auxiliares)<\/p>\n\n\n\n<p>&#8211; Impresi\u00f3n de Libro Diario\ny Libro Mayor<\/p>\n\n\n\n<p>&#8211; An\u00e1lisis y Depuraci\u00f3n del\nReporte de Auxiliares<\/p>\n\n\n\n<p>&#8211; Interpretaci\u00f3n de Estados\nFinancieros y Asesor\u00eda para toma de decisiones. <\/p>\n\n\n\n<p>&#8211; Elaboraci\u00f3n de\nDeclaraciones Mensuales<\/p>\n\n\n\n<p>&nbsp; (Pago Provisional de ISR, Pago de IVA, Pago\nISR Retenido por Salarios, Pago ISR retenido por Arrendamiento y Servicios\nProfesionales, Pago IVA Retenido, <\/p>\n\n\n\n<p>-Declaraci\u00f3n Informativa de\nOperaciones con Terceros (DIOT)<\/p>\n\n\n\n<p>-Env\u00edo de Catalogo de\nCuentas y Balanza de Comprobaci\u00f3n <\/p>\n\n\n\n<p>&#8211; Elaboraci\u00f3n de Declaraci\u00f3n\nde 3% sobre n\u00f3minas y\/o 3 sobre Erogaciones (Estatal)<\/p>\n\n\n\n<p>&#8211; Elaboraci\u00f3n de Liquidaci\u00f3n\nal IMSS<\/p>\n\n\n\n<p>&#8211; Elaboraci\u00f3n de Liquidaci\u00f3n\nde SAR-INFONAVIT <\/p>\n\n\n\n<p>&#8211; Asesor\u00eda o Elaboraci\u00f3n de Nominas\n<\/p>\n","protected":false},"excerpt":{"rendered":"<p>Los servicios que ofrecemos de forma mensual para lograr una adecuada salud contable en su negocio son: &#8211; Codificaci\u00f3n de P\u00f3lizas de Ingreso, Egreso y Diario &#8211; Contabilizaci\u00f3n de P\u00f3lizas &#8211; Conciliaci\u00f3n Facturas Recibidas y Emitidas vs Portal del SAT &#8211; Elaboraci\u00f3n de Contabilidad Electr\u00f3nica &#8211; Elaboraci\u00f3n&nbsp; de Paquete Financiero &nbsp; (Balance General, Estado de Resultados, Balanza de Comprobaci\u00f3n y Auxiliares) &#8211; Impresi\u00f3n de Libro&hellip; <\/p>\n","protected":false},"author":1,"featured_media":0,"parent":0,"menu_order":0,"comment_status":"closed","ping_status":"closed","template":"","meta":{"footnotes":""},"class_list":["post-359","page","type-page","status-publish","hentry","clearfix"],"_links":{"self":[{"href":"https:\/\/solucionescontablesmx.com\/index.php\/wp-json\/wp\/v2\/pages\/359","targetHints":{"allow":["GET"]}}],"collection":[{"href":"https:\/\/solucionescontablesmx.com\/index.php\/wp-json\/wp\/v2\/pages"}],"about":[{"href":"https:\/\/solucionescontablesmx.com\/index.php\/wp-json\/wp\/v2\/types\/page"}],"author":[{"embeddable":true,"href":"https:\/\/solucionescontablesmx.com\/index.php\/wp-json\/wp\/v2\/users\/1"}],"replies":[{"embeddable":true,"href":"https:\/\/solucionescontablesmx.com\/index.php\/wp-json\/wp\/v2\/comments?post=359"}],"version-history":[{"count":1,"href":"https:\/\/solucionescontablesmx.com\/index.php\/wp-json\/wp\/v2\/pages\/359\/revisions"}],"predecessor-version":[{"id":360,"href":"https:\/\/solucionescontablesmx.com\/index.php\/wp-json\/wp\/v2\/pages\/359\/revisions\/360"}],"wp:attachment":[{"href":"https:\/\/solucionescontablesmx.com\/index.php\/wp-json\/wp\/v2\/media?parent=359"}],"curies":[{"name":"wp","href":"https:\/\/api.w.org\/{rel}","templated":true}]}}