{"id":438,"date":"2019-10-07T03:04:51","date_gmt":"2019-10-07T03:04:51","guid":{"rendered":"https:\/\/solucionescontablesmx.com\/?page_id=438"},"modified":"2019-10-07T03:04:52","modified_gmt":"2019-10-07T03:04:52","slug":"lineamientos","status":"publish","type":"page","link":"https:\/\/solucionescontablesmx.com\/index.php\/lineamientos\/","title":{"rendered":"Lineamientos"},"content":{"rendered":"\n<p>A) De acuerdo al volumen de operaciones, se podr\u00e1 disponer de un contador y\/o Auxiliar contable de tiempo parcial en las instalaciones de la empresa o la recopilaci\u00f3n de la informaci\u00f3n en un periodo mensual o quincenal para ser procesada en las oficinas del despacho.<\/p>\n\n\n\n<p>B)\nRecopilaci\u00f3n y revisi\u00f3n de la informaci\u00f3n: facturas de venta, notas de cargo y\nnotas de cr\u00e9dito, p\u00f3lizas de cheque, fichas de dep\u00f3sito, facturas de compras a\nproveedores, comprobantes de gastos y de inversiones en mobiliario y Equipo,\nCFDI (Archivos PDF y XML), Estados de cuenta bancarios.<\/p>\n\n\n\n<p>C)\nAplicaci\u00f3n contable de las operaciones diarias de la empresa y revisi\u00f3n,\nan\u00e1lisis e integraci\u00f3n de los saldos de las cuentas de Balance y de Resultados\na una fecha determinada<\/p>\n\n\n\n<p>D)\nElaboraci\u00f3n de Papeles de trabajo para calculo y la determinaci\u00f3n de los pago\nprovisionales mensuales y archivo digital para el envi\u00f3 de la contabilidad\nelectr\u00f3nica.<\/p>\n\n\n\n<p> E) Preparaci\u00f3n de las declaraciones mensuales correspondientes.<\/p>\n\n\n\n<p>F) El\nregistro de las operaciones realizadas por la empresa en los libros de\ncontabilidad ser\u00e1 en forma computarizada de a las Disposiciones Fiscales\nvigentes. El resultado final ser\u00e1 la formulaci\u00f3n de un Paquete Financiero\n(Balance General, Estado de Resultados, Balanza de Comprobaci\u00f3n, Auxiliares y\nLibro Diario) que permita disponer de informaci\u00f3n clara y oportuna para la\ncorrecta toma de decisiones.<\/p>\n\n\n\n<p>G) Implementaci\u00f3n\nde Pol\u00edticas de control interno que permitan dar la confiabilidad del trabajo\nrealizado por cada una de las \u00e1reas de la empresa y que se traduce en el\nregistro correcto de las transacciones realizadas para proporcionar informaci\u00f3n\nfinanciera y fiscal clara y oportuna de la misma.<\/p>\n\n\n\n<p>H)\nAtenci\u00f3n de requerimientos y\/o aclaraciones pertinentes que se presenten ante\nla SHCP o IMSS. <\/p>\n","protected":false},"excerpt":{"rendered":"<p>A) De acuerdo al volumen de operaciones, se podr\u00e1 disponer de un contador y\/o Auxiliar contable de tiempo parcial en las instalaciones de la empresa o la recopilaci\u00f3n de la informaci\u00f3n en un periodo mensual o quincenal para ser procesada en las oficinas del despacho. B) Recopilaci\u00f3n y revisi\u00f3n de la informaci\u00f3n: facturas de venta, notas de cargo y notas de cr\u00e9dito, p\u00f3lizas de cheque,&hellip; <\/p>\n","protected":false},"author":1,"featured_media":0,"parent":0,"menu_order":0,"comment_status":"closed","ping_status":"closed","template":"","meta":{"footnotes":""},"class_list":["post-438","page","type-page","status-publish","hentry","clearfix"],"_links":{"self":[{"href":"https:\/\/solucionescontablesmx.com\/index.php\/wp-json\/wp\/v2\/pages\/438","targetHints":{"allow":["GET"]}}],"collection":[{"href":"https:\/\/solucionescontablesmx.com\/index.php\/wp-json\/wp\/v2\/pages"}],"about":[{"href":"https:\/\/solucionescontablesmx.com\/index.php\/wp-json\/wp\/v2\/types\/page"}],"author":[{"embeddable":true,"href":"https:\/\/solucionescontablesmx.com\/index.php\/wp-json\/wp\/v2\/users\/1"}],"replies":[{"embeddable":true,"href":"https:\/\/solucionescontablesmx.com\/index.php\/wp-json\/wp\/v2\/comments?post=438"}],"version-history":[{"count":1,"href":"https:\/\/solucionescontablesmx.com\/index.php\/wp-json\/wp\/v2\/pages\/438\/revisions"}],"predecessor-version":[{"id":439,"href":"https:\/\/solucionescontablesmx.com\/index.php\/wp-json\/wp\/v2\/pages\/438\/revisions\/439"}],"wp:attachment":[{"href":"https:\/\/solucionescontablesmx.com\/index.php\/wp-json\/wp\/v2\/media?parent=438"}],"curies":[{"name":"wp","href":"https:\/\/api.w.org\/{rel}","templated":true}]}}