{"id":442,"date":"2019-10-07T03:12:46","date_gmt":"2019-10-07T03:12:46","guid":{"rendered":"https:\/\/solucionescontablesmx.com\/?page_id=442"},"modified":"2019-10-07T03:15:21","modified_gmt":"2019-10-07T03:15:21","slug":"metodologia","status":"publish","type":"page","link":"https:\/\/solucionescontablesmx.com\/index.php\/metodologia\/","title":{"rendered":"Metodolog\u00eda"},"content":{"rendered":"\n<p>1.- Un diagn\u00f3stico inicial como piedra angular de todo proyecto o programa\nde trabajo. <\/p>\n\n\n\n<p>2.- Presentaci\u00f3n de una propuesta, donde se detallan la naturaleza y\nalcances de nuestros servicios.<\/p>\n\n\n\n<p>3.- Reuniones de ajuste para precisar acuerdos de realizaci\u00f3n del trabajo a\ndesarrollar.<\/p>\n\n\n\n<p>4.- Elaboraci\u00f3n de Contrato de Prestaci\u00f3n de Servicios donde se plasmaran\nlos acuerdos y las condiciones del proyecto a desarrollar.<\/p>\n\n\n\n<p>5.- Implantaci\u00f3n del proyecto o programa conforme a los acuerdos tomados.<\/p>\n\n\n\n<p>6.- Informes peri\u00f3dicos de los avances, donde se detallan los trabajos que\nse encuentran en proceso o los ya concluidos.<\/p>\n\n\n\n<p>7.- Reuniones de evaluaci\u00f3n de resultados y de retroalimentaci\u00f3n.<\/p>\n\n\n\n<p>8.- Juntas de seguimiento.\n\n9.- Prevenci\u00f3n de los errores m\u00e1s comunes en las empresas que debe\ncuidar el empresario para evitar serios problemas ante la autoridad fiscal\n\n\n\n<\/p>\n","protected":false},"excerpt":{"rendered":"<p>1.- Un diagn\u00f3stico inicial como piedra angular de todo proyecto o programa de trabajo. 2.- Presentaci\u00f3n de una propuesta, donde se detallan la naturaleza y alcances de nuestros servicios. 3.- Reuniones de ajuste para precisar acuerdos de realizaci\u00f3n del trabajo a desarrollar. 4.- Elaboraci\u00f3n de Contrato de Prestaci\u00f3n de Servicios donde se plasmaran los acuerdos y las condiciones del proyecto a desarrollar. 5.- Implantaci\u00f3n del&hellip; <\/p>\n","protected":false},"author":1,"featured_media":0,"parent":0,"menu_order":0,"comment_status":"closed","ping_status":"closed","template":"","meta":{"footnotes":""},"class_list":["post-442","page","type-page","status-publish","hentry","clearfix"],"_links":{"self":[{"href":"https:\/\/solucionescontablesmx.com\/index.php\/wp-json\/wp\/v2\/pages\/442","targetHints":{"allow":["GET"]}}],"collection":[{"href":"https:\/\/solucionescontablesmx.com\/index.php\/wp-json\/wp\/v2\/pages"}],"about":[{"href":"https:\/\/solucionescontablesmx.com\/index.php\/wp-json\/wp\/v2\/types\/page"}],"author":[{"embeddable":true,"href":"https:\/\/solucionescontablesmx.com\/index.php\/wp-json\/wp\/v2\/users\/1"}],"replies":[{"embeddable":true,"href":"https:\/\/solucionescontablesmx.com\/index.php\/wp-json\/wp\/v2\/comments?post=442"}],"version-history":[{"count":2,"href":"https:\/\/solucionescontablesmx.com\/index.php\/wp-json\/wp\/v2\/pages\/442\/revisions"}],"predecessor-version":[{"id":445,"href":"https:\/\/solucionescontablesmx.com\/index.php\/wp-json\/wp\/v2\/pages\/442\/revisions\/445"}],"wp:attachment":[{"href":"https:\/\/solucionescontablesmx.com\/index.php\/wp-json\/wp\/v2\/media?parent=442"}],"curies":[{"name":"wp","href":"https:\/\/api.w.org\/{rel}","templated":true}]}}