{"id":495,"date":"2020-08-02T19:46:04","date_gmt":"2020-08-02T19:46:04","guid":{"rendered":"https:\/\/solucionescontablesmx.com\/?page_id=495"},"modified":"2020-08-03T00:33:24","modified_gmt":"2020-08-03T00:33:24","slug":"politica-de-privacidad","status":"publish","type":"page","link":"https:\/\/solucionescontablesmx.com\/index.php\/politica-de-privacidad\/","title":{"rendered":"Pol\u00edtica de privacidad"},"content":{"rendered":"\n<p><strong>Contadores Asociados<\/strong><\/p>\n\n\n\n<p>Contadores Asociados tiene su domicilio en calle Glaciar, Colonia\nAtlanta en Cuatitl\u00e1n Izcalli Estado de M\u00e9xico, M\u00e9xico.&nbsp; Es responsable de recabar sus datos\npersonales, del uso que se le d\u00e9 a los mismos y de su protecci\u00f3n.<\/p>\n\n\n\n<p>Datos personales que recaba Contadores Asociados<\/p>\n\n\n\n<p>Su informaci\u00f3n personal ser\u00e1 utilizada para proveer los\nservicios y productos que ha solicitado, informarle sobre cambios en los mismos\ny evaluar la calidad del servicio que le brindamos. Para las finalidades antes\nmencionadas, requerimos obtener los siguientes datos personales: Nombre de la\nempresa, Nombre del contacto, Direcci\u00f3n completa f\u00edsica o moral, Tel\u00e9fono,\nN\u00famero celular y Correo electr\u00f3nico, considerado como sensible seg\u00fan la Ley\nFederal de Protecci\u00f3n de Datos Personales en Posesi\u00f3n de los Particulares.\nUsted tiene derecho de acceder, rectificar y cancelar sus datos personales, as\u00ed\ncomo de oponerse al tratamiento de los mismos o revocar el consentimiento que\npara tal fin nos haya otorgado, a trav\u00e9s de los procedimientos que hemos\nimplementado. Para conocer dichos procedimientos, los requisitos y plazos, se\npuede poner en contacto con nuestro departamento de datos personales al\ntel\u00e9fono (55) 58 68 29 90 o al correo electr\u00f3nico <a href=\"mailto:contacto@solucionescontablesmx.com\">contacto@solucionescontablesmx.com<\/a><\/p>\n\n\n\n<p>Nos comprometemos a no transferir su informaci\u00f3n personal a\nterceros sin su consentimiento.<\/p>\n\n\n\n<p>Si usted desea dejar de recibir mensajes promocionales de\nnuestra parte puede solicitarlo a trav\u00e9s del correo y el tel\u00e9fono arriba\nmencionados.<\/p>\n","protected":false},"excerpt":{"rendered":"<p>Contadores Asociados Contadores Asociados tiene su domicilio en calle Glaciar, Colonia Atlanta en Cuatitl\u00e1n Izcalli Estado de M\u00e9xico, M\u00e9xico.&nbsp; Es responsable de recabar sus datos personales, del uso que se le d\u00e9 a los mismos y de su protecci\u00f3n. Datos personales que recaba Contadores Asociados Su informaci\u00f3n personal ser\u00e1 utilizada para proveer los servicios y productos que ha solicitado, informarle sobre cambios en los mismos&hellip; <\/p>\n","protected":false},"author":1,"featured_media":0,"parent":0,"menu_order":0,"comment_status":"closed","ping_status":"closed","template":"","meta":{"footnotes":""},"class_list":["post-495","page","type-page","status-publish","hentry","clearfix"],"_links":{"self":[{"href":"https:\/\/solucionescontablesmx.com\/index.php\/wp-json\/wp\/v2\/pages\/495","targetHints":{"allow":["GET"]}}],"collection":[{"href":"https:\/\/solucionescontablesmx.com\/index.php\/wp-json\/wp\/v2\/pages"}],"about":[{"href":"https:\/\/solucionescontablesmx.com\/index.php\/wp-json\/wp\/v2\/types\/page"}],"author":[{"embeddable":true,"href":"https:\/\/solucionescontablesmx.com\/index.php\/wp-json\/wp\/v2\/users\/1"}],"replies":[{"embeddable":true,"href":"https:\/\/solucionescontablesmx.com\/index.php\/wp-json\/wp\/v2\/comments?post=495"}],"version-history":[{"count":2,"href":"https:\/\/solucionescontablesmx.com\/index.php\/wp-json\/wp\/v2\/pages\/495\/revisions"}],"predecessor-version":[{"id":500,"href":"https:\/\/solucionescontablesmx.com\/index.php\/wp-json\/wp\/v2\/pages\/495\/revisions\/500"}],"wp:attachment":[{"href":"https:\/\/solucionescontablesmx.com\/index.php\/wp-json\/wp\/v2\/media?parent=495"}],"curies":[{"name":"wp","href":"https:\/\/api.w.org\/{rel}","templated":true}]}}